{"id":832,"date":"2024-09-17T07:51:49","date_gmt":"2024-09-17T07:51:49","guid":{"rendered":"https:\/\/demo.casethemes.net\/maiko\/?page_id=832"},"modified":"2026-02-27T16:31:50","modified_gmt":"2026-02-27T16:31:50","slug":"noticias","status":"publish","type":"page","link":"https:\/\/versatilis.pt\/pt\/noticias\/","title":{"rendered":"Not\u00edcias"},"content":{"rendered":"\t\t<div data-elementor-type=\"wp-page\" data-elementor-id=\"832\" class=\"elementor elementor-832\">\n\t\t\t\t        <section class=\"elementor-section elementor-top-section elementor-element elementor-element-a12a9f0 elementor-section-stretched elementor-section-boxed elementor-section-height-default elementor-section-height-default pxl-row-scroll-none pxl-zoom-point-false pxl-section-overflow-visible pxl-section-fix-none pxl_parallax_bg_img_noise-none pxl-bg-color-none pxl-section-overlay-none\" data-id=\"a12a9f0\" data-element_type=\"section\" data-e-type=\"section\" data-settings=\"{&quot;stretch_section&quot;:&quot;section-stretched&quot;}\">\n\n                \n                <div class=\"elementor-container elementor-column-gap-extended \">\n                <div class=\"elementor-column elementor-col-100 elementor-top-column elementor-element elementor-element-daa2b01 pxl-column-none pxl-column-overflow-hidden-no pxl-column-zoom-no\" data-id=\"daa2b01\" data-element_type=\"column\" data-e-type=\"column\">\r\n        <div class=\"elementor-widget-wrap elementor-element-populated\">\r\n                     \r\n                <section class=\"elementor-section elementor-inner-section elementor-element elementor-element-a34c74d elementor-section-content-middle elementor-section-boxed elementor-section-height-default elementor-section-height-default pxl-row-scroll-none pxl-zoom-point-false pxl-section-overflow-visible pxl-section-fix-none pxl_parallax_bg_img_noise-none pxl-bg-color-none pxl-section-overlay-none\" data-id=\"a34c74d\" data-element_type=\"section\" data-e-type=\"section\" data-settings=\"{&quot;background_background&quot;:&quot;classic&quot;}\">\n\n                \n                <div class=\"elementor-container elementor-column-gap-extended \">\n                <div class=\"elementor-column elementor-col-50 elementor-inner-column elementor-element elementor-element-3debf06 pxl-column-none pxl-column-overflow-hidden-no pxl-column-zoom-no\" data-id=\"3debf06\" data-element_type=\"column\" data-e-type=\"column\">\r\n        <div class=\"elementor-widget-wrap elementor-element-populated\">\r\n                     \r\n        \t\t<div class=\"elementor-element elementor-element-e866552 elementor-widget elementor-widget-pxl_icon_box\" data-id=\"e866552\" data-element_type=\"widget\" data-e-type=\"widget\" data-widget_type=\"pxl_icon_box.default\">\n\t\t\t\t<div class=\"elementor-widget-container\">\n\t\t\t\t\t<div class=\"pxl-icon-box pxl-icon-box1 style-2 ani1 \" data-wow-delay=\"ms\">\r\n    <div class=\"pxl-item--inner\">\r\n                    <div class=\"pxl-item--icon\">\r\n                                    <svg xmlns=\"http:\/\/www.w3.org\/2000\/svg\" fill=\"none\" height=\"512\" viewBox=\"0 0 128 128\" width=\"512\"><path clip-rule=\"evenodd\" d=\"m69.2675 16.5387 1.9692 1.4613h21.7633c2.2091 0 4 1.7909 4 4v15.1195l13.768 10.2172c2.033 1.5091 3.232 3.8919 3.232 6.4242v48.2401c0 4.418-3.582 8-8 8h-83c-4.4183 0-8-3.582-8-8v-48.2401c0-2.5323 1.1989-4.9151 3.2325-6.4242l13.7675-10.2172v-15.1195c0-2.2091 1.7909-4 4-4h21.7633l1.9692-1.4613c2.8311-2.1011 6.7039-2.1011 9.535 0zm23.6471 46.5736c.0557-.1259.0854-.2634.0854-.4043v-40.708h-57v41.8466l-8.6992-7.3651c-.8386-.7188-2.1012-.6217-2.8201.2169-.7188.8387-.6217 2.1013.217 2.8201l7.9912 6.8496c.2089.3081.4619.5885.7543.8315l7.0104 5.824 4.3803 3.7546c-.0346.0302-.0684.0617-.1014.0947l-20.5373 20.5373c-.7811.7811-.7811 2.0474 0 2.8288.781.781 2.0473.781 2.8284 0l20.5373-20.5377c.1075-.1074.2002-.2241.2781-.3474l1.4863 1.274c1.0696.9169 2.2021 1.7197 3.3819 2.4086 6.7969 4.4803 15.5748 4.6 22.4704.3939 1.5308-.823 2.9886-1.8317 4.3406-3.0256l1.3281-1.1728c.0904.1686.2068.327.3491.4693l20.5376 20.5377c.781.781 2.047.781 2.828 0 .781-.7814.781-2.0477 0-2.8288l-20.5372-20.5373c-.0813-.0813-.1679-.1542-.2587-.2186l20.5579-18.1552c.828-.7311.907-1.995.175-2.823-.731-.8279-1.995-.9063-2.823-.1752z\" fill=\"rgb(0,0,0)\" fill-rule=\"evenodd\"><\/path><\/svg>                                <\/div>\r\n                        <div class=\"pxl-item--meta\">\r\n                            <h5 class=\"pxl-item--title el-empty\">\r\n                                   Subscreva a Newsletter                                  <\/h5>\r\n                      <div class=\"pxl-item--description el-empty \">Inscreva-se para ficar a par das \u00faltimas not\u00edcias. Prometemos n\u00e3o enviar spam\n<\/div>\r\n       <\/div>\r\n   <\/div>\r\n<\/div>\t\t\t\t<\/div>\n\t\t\t\t<\/div>\n\t\t            <\/div>\r\n        <\/div>\r\n                <div class=\"elementor-column elementor-col-50 elementor-inner-column elementor-element elementor-element-1b30854 pxl-column-none pxl-column-overflow-hidden-no pxl-column-zoom-no\" data-id=\"1b30854\" data-element_type=\"column\" data-e-type=\"column\">\r\n        <div class=\"elementor-widget-wrap elementor-element-populated\">\r\n                     \r\n        \t\t<div class=\"elementor-element elementor-element-d21dace elementor-widget elementor-widget-pxl_contact_form\" data-id=\"d21dace\" data-element_type=\"widget\" data-e-type=\"widget\" data-widget_type=\"pxl_contact_form.default\">\n\t\t\t\t<div class=\"elementor-widget-container\">\n\t\t\t\t\t    <div class=\"pxl-contact-form pxl-contact-form1 btn-w-auto \" data-wow-delay=\"ms\">\r\n        \n<div class=\"wpcf7 no-js\" id=\"wpcf7-f6-o1\" lang=\"en-US\" dir=\"ltr\" data-wpcf7-id=\"6\">\n<div class=\"screen-reader-response\"><p role=\"status\" aria-live=\"polite\" aria-atomic=\"true\"><\/p> <ul><\/ul><\/div>\n<form action=\"\/pt\/wp-json\/wp\/v2\/pages\/832#wpcf7-f6-o1\" method=\"post\" class=\"wpcf7-form init\" aria-label=\"Contact form\" novalidate=\"novalidate\" data-status=\"init\">\n<fieldset class=\"hidden-fields-container\"><input type=\"hidden\" name=\"_wpcf7\" value=\"6\" \/><input type=\"hidden\" name=\"_wpcf7_version\" value=\"6.1.5\" \/><input type=\"hidden\" name=\"_wpcf7_locale\" value=\"en_US\" \/><input type=\"hidden\" name=\"_wpcf7_unit_tag\" value=\"wpcf7-f6-o1\" \/><input type=\"hidden\" name=\"_wpcf7_container_post\" value=\"0\" \/><input type=\"hidden\" name=\"_wpcf7_posted_data_hash\" value=\"\" \/>\n<\/fieldset>\n<div class=\"wrap-ctf1\">\n\t<div class=\"input-filled\">\n\t\t<p><span class=\"wpcf7-form-control-wrap your-email\"><span class=\"wpcf7-form-control-wrap\" data-name=\"your-email\"><input size=\"40\" maxlength=\"400\" class=\"wpcf7-form-control wpcf7-text wpcf7-validates-as-required\" aria-required=\"true\" aria-invalid=\"false\" placeholder=\"Email Address...\" value=\"\" type=\"text\" name=\"your-email\" \/><\/span><button type=\"submit\" class=\"wpcf7-submit wpcf7-btn-abs\" ><svg id=\"fi_9131608\" enable-background=\"new 0 0 512 512\" height=\"512\" viewBox=\"0 0 512 512\" width=\"512\" xmlns=\"http:\/\/www.w3.org\/2000\/svg\"><g id=\"Layer_2_00000003088042299869878250000014105957992611245451_\"><g id=\"Social_Icon\"><path id=\"PaperPlane\" d=\"m51.7 29.2c-38.8 0-63.8 41.3-45.7 75.7l66.2 125.6 222.1 25.5-222.1 25.6-66.2 125.6c-18.1 34.4 6.8 75.7 45.7 75.7 7 0 14-1.4 20.5-4.2l409.8-177c40-17.3 40-74 0-91.3l-409.8-177c-6.5-2.8-13.5-4.2-20.5-4.2z\"><\/path><\/g><\/g><\/svg><\/button><\/span>\n\t\t<\/p>\n\t<\/div>\n<\/div><p style=\"display: none !important;\" class=\"akismet-fields-container\" data-prefix=\"_wpcf7_ak_\"><label>&#916;<textarea name=\"_wpcf7_ak_hp_textarea\" cols=\"45\" rows=\"8\" maxlength=\"100\"><\/textarea><\/label><input type=\"hidden\" id=\"ak_js_1\" name=\"_wpcf7_ak_js\" value=\"232\"\/><script>document.getElementById( \"ak_js_1\" ).setAttribute( \"value\", ( new Date() ).getTime() );<\/script><\/p><div class=\"wpcf7-response-output\" aria-hidden=\"true\"><\/div>\n<\/form>\n<\/div>\n    <\/div>\r\n\t\t\t\t<\/div>\n\t\t\t\t<\/div>\n\t\t            <\/div>\r\n        <\/div>\r\n        \t\t\t<\/div>\n\t\t<\/section>\n\t\t\t\t<div class=\"elementor-element elementor-element-522e558 post-layout-post-1 elementor-widget elementor-widget-pxl_post_carousel\" data-id=\"522e558\" data-element_type=\"widget\" data-e-type=\"widget\" data-widget_type=\"pxl_post_carousel.default\">\n\t\t\t\t<div class=\"elementor-widget-container\">\n\t\t\t\t\t\r\n    <div class=\"pxl-swiper-slider pxl-post-carousel pxl-post-carousel1 pxl-post-style1 \" >\r\n        <div class=\"pxl-carousel-inner\">\r\n            <div class=\"pxl-swiper-container\" dir=\"ltr\" data-settings=\"{&quot;slide_direction&quot;:&quot;horizontal&quot;,&quot;slide_percolumn&quot;:1,&quot;slide_percolumnfill&quot;:1,&quot;slide_mode&quot;:&quot;slide&quot;,&quot;slides_to_show&quot;:1,&quot;slides_to_show_xxl&quot;:1,&quot;slides_to_show_lg&quot;:1,&quot;slides_to_show_md&quot;:1,&quot;slides_to_show_sm&quot;:1,&quot;slides_to_show_xs&quot;:1,&quot;slides_to_scroll&quot;:1,&quot;slides_gutter&quot;:30,&quot;arrow&quot;:true,&quot;pagination&quot;:false,&quot;pagination_type&quot;:&quot;bullets&quot;,&quot;autoplay&quot;:false,&quot;pause_on_hover&quot;:true,&quot;pause_on_interaction&quot;:true,&quot;delay&quot;:5000,&quot;loop&quot;:true,&quot;speed&quot;:500,&quot;center&quot;:true}\">\r\n                <div class=\"pxl-swiper-wrapper\">\r\n                                            <div class=\"pxl-swiper-slide\">\r\n                            <div class=\"wrap-inner-content\">\r\n                                <div class=\"pxl-item--holder\">\r\n                                    <div class=\"pxl-item-top\">\r\n                                                                                    <span class=\"pxl-item--date\">\r\n                                                <span class=\"icon-post\"><i class=\"fas fa-calendar\"><\/i> <\/span>\r\n                                                17 Set 24                                            <\/span> \r\n                                        \r\n                                                                                    <span class=\"post-author align-items-center\">\r\n                                                <span class=\"author-avatar\">\r\n                                                    <img alt='' src='https:\/\/secure.gravatar.com\/avatar\/95019e4d050b1d47f8e5f8f0ce47d7978d9ec0b80c753f4a8a7b3d5f6c15d6d5?s=96&#038;d=mm&#038;r=g' srcset='https:\/\/secure.gravatar.com\/avatar\/95019e4d050b1d47f8e5f8f0ce47d7978d9ec0b80c753f4a8a7b3d5f6c15d6d5?s=96&#038;d=mm&#038;r=g 2x' class='avatar avatar-96 photo' height='96' width='96' \/>                                                <\/span>\r\n                                                <span>By&nbsp;<a href=\"https:\/\/versatilis.pt\/pt\/author\/adminversatilis\/\" title=\"Artigos de admin@versatilis\" rel=\"author\">admin@versatilis<\/a><\/span>\r\n                                            <\/span>\r\n                                        \r\n                                                                                    <span class=\"post-category  align-items-center\">\r\n                                                <span class=\"icon-post\"><i class=\"fas fa-tag\"><\/i><\/span>\r\n                                                <a href=\"https:\/\/versatilis.pt\/pt\/category\/design-de-interiores\/\" rel=\"tag\">Design de Interiores<\/a> , <a href=\"https:\/\/versatilis.pt\/pt\/category\/mobiliario\/\" rel=\"tag\">Mobili\u00e1rio<\/a>                                            <\/span> \r\n                                        \r\n                                                                                    <span class=\"post-comments  align-items-center\">\r\n                                                <span class=\"icon-post\"><i class=\"fas fa-comment\"><\/i><\/span>\r\n                                                <a href=\"https:\/\/versatilis.pt\/pt\/o-regresso-dos-materiais-naturais-no-design-de-interiores\/\">\r\n                                                    <span>No Comments<\/span>\r\n                                                <\/a>\r\n                                            <\/span>\r\n                                                                            <\/div>\r\n                                    <h5 class=\"pxl-item--title\"><a href=\"https:\/\/versatilis.pt\/pt\/o-regresso-dos-materiais-naturais-no-design-de-interiores\/\">O Regresso dos Materiais Naturais no Design de Interiores<\/a><\/h5>\r\n                                                                            <div class=\"item--content\">\r\n                                            Num contexto em que os consumidores valorizam cada vez mais a autenticidade, a sustentabilidade e a liga\u00e7\u00e3o \u00e0 natureza, os materiais naturais est\u00e3o a assumir&hellip;                                        <\/div>\r\n                                                                                                                <div class=\"btn-readmore\">\r\n                                            <a href=\"https:\/\/versatilis.pt\/pt\/o-regresso-dos-materiais-naturais-no-design-de-interiores\/\">   \r\n                                                <span class=\"btn--text\">\r\n                                                    find out more                                                <\/span>\r\n                                                <svg xmlns=\"http:\/\/www.w3.org\/2000\/svg\" xmlns:xlink=\"http:\/\/www.w3.org\/1999\/xlink\" width=\"36\" x=\"0\" y=\"0\" viewBox=\"0 0 1560 1560\" style=\"enable-background:new 0 0 512 512\" xml:space=\"preserve\" class=\"\"><g transform=\"matrix(1,0,0,1,4.999999999999545,4.547473508864641e-13)\"><path d=\"M1524 811.8H36c-17.7 0-32-14.3-32-32s14.3-32 32-32h1410.7l-194.2-194.2c-12.5-12.5-12.5-32.8 0-45.3s32.8-12.5 45.3 0l248.9 248.9c9.2 9.2 11.9 22.9 6.9 34.9-5 11.9-16.7 19.7-29.6 19.7z\" fill=\"#ffffff\" opacity=\"1\" data-original=\"#000000\"><\/path><path d=\"M1274.8 1061c-8.2 0-16.4-3.1-22.6-9.4-12.5-12.5-12.5-32.8 0-45.3l249.2-249.2c12.5-12.5 32.8-12.5 45.3 0s12.5 32.8 0 45.3l-249.2 249.2c-6.3 6.3-14.5 9.4-22.7 9.4z\" fill=\"#ffffff\" opacity=\"1\" data-original=\"#000000\"><\/path><\/g><\/svg>\r\n                                            <\/a>\r\n                                        <\/div>\r\n                                                                    <\/div>\r\n                                                                <div class=\"pxl-item--featured\" style=\"background-image: url(https:\/\/versatilis.pt\/pt\/wp-content\/uploads\/2024\/09\/Shoppable_imagem_Colline.webp);\">\r\n                                                                    <\/div>\r\n                                                    <\/div>\r\n                    <\/div>\r\n                            <\/div> \r\n        <\/div>\r\n\r\n    <\/div>\r\n    \r\n            <div class=\"pxl-swiper-arrow-wrap style-2\">\r\n            <div class=\"pxl-swiper-arrow pxl-swiper-arrow-prev\">\r\n              <svg width=\"33\" height=\"35\" xmlns=\"http:\/\/www.w3.org\/2000\/svg\" id=\"Layer_1\" data-name=\"Layer 1\" viewBox=\"0 0 57.7 60.45\"><defs><style>.cls-1{fill:none;stroke:#000;stroke-miterlimit:10;stroke-width:2px;}<\/style><\/defs><polyline class=\"cls-1\" points=\"26.8 0.71 56.28 30.23 26.8 59.74\"\/><line class=\"cls-1\" x1=\"56.28\" y1=\"30.23\" y2=\"30.23\"\/><\/svg>\r\n          <\/div>\r\n          <div class=\"pxl-swiper-arrow pxl-swiper-arrow-next\">\r\n              <svg width=\"33\" height=\"35\" xmlns=\"http:\/\/www.w3.org\/2000\/svg\" id=\"Layer_1\" data-name=\"Layer 1\" viewBox=\"0 0 57.7 60.45\"><defs><style>.cls-1{fill:none;stroke:#000;stroke-miterlimit:10;stroke-width:2px;}<\/style><\/defs><polyline class=\"cls-1\" points=\"26.8 0.71 56.28 30.23 26.8 59.74\"\/><line class=\"cls-1\" x1=\"56.28\" y1=\"30.23\" y2=\"30.23\"\/><\/svg>\r\n      <\/div>\r\n  <\/div>\r\n<\/div>\r\n\t\t\t\t<\/div>\n\t\t\t\t<\/div>\n\t\t\t\t<div class=\"elementor-element elementor-element-28e248d post-layout-post-list-2 elementor-widget elementor-widget-pxl_post_list\" data-id=\"28e248d\" data-element_type=\"widget\" data-e-type=\"widget\" data-widget_type=\"pxl_post_list.default\">\n\t\t\t\t<div class=\"elementor-widget-container\">\n\t\t\t\t\t\r\n<div id=\"pxl_post_list-28e248d-9715\" class=\"pxl-grid pxl-post-list pxl-check-scroll pxl-effect--3d blinds_staggered layout-post-list-2\" data-layout-mode=\"fitRows\" data-start-page=\"1\" data-max-pages=\"1\" data-total=\"1\" data-perpage=\"6\" data-next-link=\"\" data-loadmore=\"{&quot;tax&quot;:[&quot;category&quot;],&quot;post_type&quot;:&quot;post&quot;,&quot;layout&quot;:&quot;post-list-2&quot;,&quot;select_post_by&quot;:&quot;term_selected&quot;,&quot;layout_mode&quot;:&quot;fitRows&quot;,&quot;startPage&quot;:1,&quot;maxPages&quot;:1,&quot;total&quot;:1,&quot;perpage&quot;:6,&quot;nextLink&quot;:&quot;&quot;,&quot;source&quot;:&quot;&quot;,&quot;post_ids&quot;:[],&quot;orderby&quot;:&quot;date&quot;,&quot;order&quot;:&quot;desc&quot;,&quot;limit&quot;:6,&quot;col_xl&quot;:4,&quot;col_lg&quot;:6,&quot;col_md&quot;:6,&quot;col_sm&quot;:12,&quot;col_xs&quot;:12,&quot;item_animation&quot;:&quot;&quot;,&quot;item_animation_duration&quot;:&quot;normal&quot;,&quot;item_animation_delay&quot;:&quot;150&quot;,&quot;img_size&quot;:&quot;700x540&quot;,&quot;show_date&quot;:&quot;true&quot;,&quot;show_author&quot;:&quot;true&quot;,&quot;show_category&quot;:&quot;true&quot;,&quot;show_comment&quot;:&quot;true&quot;,&quot;show_excerpt&quot;:&quot;true&quot;,&quot;num_words&quot;:20,&quot;show_readmore&quot;:&quot;&quot;,&quot;readmore_text&quot;:&quot;&quot;,&quot;post_share&quot;:&quot;true&quot;,&quot;pagination_type&quot;:&quot;pagination&quot;,&quot;show_toolbar&quot;:&quot;show&quot;,&quot;wg_type&quot;:&quot;post-list&quot;}\">\r\n            <div class=\"post-list-toolbar row align-items-center justify-content-between\">\r\n            <div class=\"col col-sm-auto\">\r\n                <span class=\"result-count\">Showing 1-1 of 1 results<\/span>            <\/div>\r\n            <div class=\"col col-sm-auto\">\r\n                <select name=\"orderby\" class=\"orderby nice-select\">\r\n                    <option value=\"date\">Lastest Posts<\/option>\r\n                    <option value=\"author\">Posts Author<\/option>\r\n                    <option value=\"title\">Posts Title<\/option>\r\n                    <option value=\"rand\">Posts Random<\/option>\r\n                    <option value=\"comment_count\">Comment Count<\/option>\r\n                <\/select>\r\n            <\/div>\r\n        <\/div>\r\n        <div class=\"pxl-list-inner d-flex-wrap relative row\"> \r\n                <div class=\"list-item pxl-grid-item col-xl-4 col-lg-6 col-md-6 col-sm-12 col-12 \" >\n            <div class=\"pxl-post--inner grid-item-inner\">\n                                <div class=\"pxl-post--meta pxl-flex-middle\">\n                                            <div class=\"pxl-item--author\"><span>\n                            <img alt='' src='https:\/\/secure.gravatar.com\/avatar\/ec8a12d12a026b20c704f44d0d5630ed150517d6fbc8aa6a8e7a41e2b7dc823e?s=96&#038;d=mm&#038;r=g' srcset='https:\/\/secure.gravatar.com\/avatar\/ec8a12d12a026b20c704f44d0d5630ed150517d6fbc8aa6a8e7a41e2b7dc823e?s=96&#038;d=mm&#038;r=g 2x' class='avatar avatar-96 photo' height='96' width='96' \/>                            Versatilis                        <\/div>\n                    \n                                            <div class=\"post-date\">\n                            01 Janeiro 2026                        <\/div>\n                    \n                <\/div>\n                <div class=\"pxl-post--featured hover-imge-effect2\">\n                    <a href=\"https:\/\/versatilis.pt\/pt\/o-regresso-dos-materiais-naturais-no-design-de-interiores\/\">\n                        <img fetchpriority=\"high\" decoding=\"async\" class=\"\" src=\"https:\/\/versatilis.pt\/pt\/wp-content\/uploads\/2024\/09\/Shoppable_imagem_Colline-942x689.webp\" width=\"942\" height=\"689\" alt=\"Shoppable_imagem_Colline\" title=\"Shoppable_imagem_Colline\" \/>                    <\/a>\n                                            <div class=\"pxl-post--category\">\n                            <a href=\"https:\/\/versatilis.pt\/pt\/category\/design-de-interiores\/\" rel=\"tag\">Design de Interiores<\/a> <a href=\"https:\/\/versatilis.pt\/pt\/category\/mobiliario\/\" rel=\"tag\">Mobili\u00e1rio<\/a>                        <\/div>\n                    \n                <\/div>\n            \n\n            <h3 class=\"pxl-post--title title-hover-line\"><a href=\"https:\/\/versatilis.pt\/pt\/o-regresso-dos-materiais-naturais-no-design-de-interiores\/\">O Regresso dos Materiais Naturais no Design de Interiores<\/a><\/h3>\n                            <div class=\"pxl-post--content\">\n                                            Num contexto em que os consumidores valorizam cada vez mais a autenticidade, a sustentabilidade e a liga\u00e7\u00e3o \u00e0 natureza, os&hellip;                                    <\/div>\n                    <\/div>\n    <\/div>\n        <\/div>\r\n\r\n            <div class=\"pxl-grid-pagination pagin-post\">\r\n                    <\/div>\r\n        <\/div>\t\t\t\t<\/div>\n\t\t\t\t<\/div>\n\t\t            <\/div>\r\n        <\/div>\r\n        \t\t\t<\/div>\n\t\t<\/section>\n\t\t\t\t<\/div>\n\t\t","protected":false},"excerpt":{"rendered":"<p>Subscreva a Newsletter Inscreva-se para ficar a par das \u00faltimas not\u00edcias. Prometemos n\u00e3o enviar spam &#916; 17 Sep 24 By&nbsp;admin@versatilis Architecture , Brands No Comments 5 Parameters to Craft a Comfortable Contemporary Best House Design Atritech specializes in creating visually appealing websites with responsive designs. We ensure fast loading times and high SEO rankings, helping [&hellip;]<\/p>\n","protected":false},"author":1,"featured_media":0,"parent":0,"menu_order":0,"comment_status":"closed","ping_status":"closed","template":"","meta":{"footnotes":""},"class_list":["post-832","page","type-page","status-publish","hentry"],"_links":{"self":[{"href":"https:\/\/versatilis.pt\/pt\/wp-json\/wp\/v2\/pages\/832","targetHints":{"allow":["GET"]}}],"collection":[{"href":"https:\/\/versatilis.pt\/pt\/wp-json\/wp\/v2\/pages"}],"about":[{"href":"https:\/\/versatilis.pt\/pt\/wp-json\/wp\/v2\/types\/page"}],"author":[{"embeddable":true,"href":"https:\/\/versatilis.pt\/pt\/wp-json\/wp\/v2\/users\/1"}],"replies":[{"embeddable":true,"href":"https:\/\/versatilis.pt\/pt\/wp-json\/wp\/v2\/comments?post=832"}],"version-history":[{"count":0,"href":"https:\/\/versatilis.pt\/pt\/wp-json\/wp\/v2\/pages\/832\/revisions"}],"wp:attachment":[{"href":"https:\/\/versatilis.pt\/pt\/wp-json\/wp\/v2\/media?parent=832"}],"curies":[{"name":"wp","href":"https:\/\/api.w.org\/{rel}","templated":true}]}}